{"id":2091,"date":"2019-09-05T12:10:29","date_gmt":"2019-09-05T03:10:29","guid":{"rendered":"http:\/\/sounds-eightree.com\/db\/?page_id=2091"},"modified":"2019-11-28T01:54:55","modified_gmt":"2019-11-27T16:54:55","slug":"french","status":"publish","type":"page","link":"https:\/\/sounds-eightree.com\/?page_id=2091","title":{"rendered":"French"},"content":{"rendered":"<table style=\"height: 971px; width: 100%;\" border=\"0\" width=\"100%\">\n<tbody>\n<tr style=\"height: 52px;\">\n<td style=\"background-color: #520000; width: 95%; height: 52px;\" bgcolor=\"#660000\" width=\"95%\">\n<div align=\"center\"><span style=\"color: #ffffff; font-size: 24px;\">Compositeur \/ Satoshi Yagisawa<\/span><\/div>\n<\/td>\n<\/tr>\n<tr style=\"height: 52px;\">\n<td style=\"background-color: #000000; height: 52px;\">\n<div align=\"center\"><span style=\"color: #333333;\"><a href=\"http:\/\/catalog.bravomusicinc.com\/\" target=\"_blank\" rel=\"noopener noreferrer\"><img loading=\"lazy\" class=\"alignnone wp-image-3320 size-full\" src=\"https:\/\/sounds-eightree.com\/db\/wp-content\/uploads\/2019\/11\/bravomusic.jpg\" alt=\"\" width=\"160\" height=\"42\" \/><\/a>\u3000<a href=\"http:\/\/www.brain-music.com\/en\/\" target=\"_blank\" rel=\"noopener noreferrer\"><img loading=\"lazy\" class=\"alignnone wp-image-3321 size-full\" src=\"https:\/\/sounds-eightree.com\/db\/wp-content\/uploads\/2019\/11\/brain.jpg\" alt=\"\" width=\"160\" height=\"42\" \/><\/a>\u3000<a href=\"http:\/\/www.wind-art.com\/\" target=\"_blank\" rel=\"noopener noreferrer\"><img loading=\"lazy\" class=\"alignnone wp-image-3322 size-full\" src=\"https:\/\/sounds-eightree.com\/db\/wp-content\/uploads\/2019\/11\/windart.jpg\" alt=\"\" width=\"160\" height=\"42\" \/><\/a>\u3000<a href=\"http:\/\/www.dehaske.com\/\" target=\"_blank\" rel=\"noopener noreferrer\"><img loading=\"lazy\" class=\"alignnone wp-image-3323 size-full\" src=\"https:\/\/sounds-eightree.com\/db\/wp-content\/uploads\/2019\/11\/dehaske.jpg\" alt=\"\" width=\"160\" height=\"42\" \/><\/a><\/span><\/div>\n<\/td>\n<\/tr>\n<tr style=\"height: 867px;\">\n<td style=\"height: 867px;\" align=\"left\">\n<div align=\"left\">\n<div align=\"left\">\n<table width=\"95%\" align=\"center\">\n<tbody>\n<tr>\n<td align=\"center\" bgcolor=\"#FFFFFF\">\n<div align=\"center\"><span style=\"font-size: 24px;\">Biographie<\/span><\/div>\n<\/td>\n<\/tr>\n<tr>\n<td align=\"left\"><span style=\"font-size: 24px;\"><strong>Satoshi Yagisawa<\/strong><\/span><br \/>\n<a href=\"http:\/\/sounds-eightree.com\/db\/wp-content\/uploads\/2019\/08\/2018_00004.jpg\" target=\"_blank\" rel=\"noopener noreferrer\"><img loading=\"lazy\" class=\"alignleft wp-image-2050 size-medium\" src=\"http:\/\/sounds-eightree.com\/db\/wp-content\/uploads\/2019\/08\/2018_00004-200x300.jpg\" alt=\"\" width=\"200\" height=\"300\" \/><\/a>Satoshi YAGISAWA est n\u00e9 en 1975 au Japon et est dipl\u00f4m\u00e9 de la prestigieuse Musashino Academia Musicae avec un dipl\u00f4me en composition. Il a ensuite poursuivi ses \u00e9tudes dans ce pays, o\u00f9 il a obtenu une ma\u00eetrise en composition deux ans plus tard.Ses \u0153uvres pour orchestre \u00e0 vent sont populaires au Japon et dans de nombreux pays et sont publi\u00e9es par Hal Leonard Europe (de Haske) et des \u00e9diteurs japonais. Ils ont \u00e9t\u00e9 largement interpr\u00e9t\u00e9s \u00e0 la WASBE (Association mondiale des ensembles et ensembles symphoniques) et \u00e0 la clinique Midwest Band &amp; Orchestra \u00e0 Chicago.Au Japon, il a \u00e9t\u00e9 charg\u00e9 par le Festival national du sport de composer la musique de c\u00e9r\u00e9monie d&#8217;ouverture. Yagisawa est en forte demande non seulement au Japon, mais \u00e9galement dans le monde entier en tant qu&#8217;arbitre, chef invit\u00e9, clinicien et r\u00e9dacteur pour des magazines de musique. Il enseigne actuellement au SHOBI Music College \u00e0 Tokyo.Il est aujourd&#8217;hui l&#8217;un des compositeurs les plus prolifiques du Japon et a re\u00e7u le 21e prix d\u00e9cern\u00e9 par la Soci\u00e9t\u00e9 acad\u00e9mique de vents, percussions et cuivres du Japon (2011) et le prix d&#8217;encouragement Shitaya de l&#8217;Association des directeurs de groupes japonais (2011).Ses \u0153uvres principales incluent A Poem for Wind Orchestra &#8211; Hymn to the Infinite Sky; Perseus \u2013 A Hero\u2019s Quest in the Heavens; Machu Picchu: City in the Sky \u2013 The mystery of the hidden Sun Temple; To Be Vivid Stars; and Let&#8217;s have Hope for a Better Tomorrow (une chanson symbolique pour la reconstruction du grand s\u00e9isme dans l&#8217;est du Japon).<\/td>\n<\/tr>\n<\/tbody>\n<\/table>\n<\/div>\n<\/div>\n<div align=\"left\">\n<div align=\"left\">\n<p style=\"text-align: center;\"><span style=\"color: #333333;\"><a href=\"http:\/\/sounds-eightree.com\/db\/wp-content\/uploads\/2019\/09\/yagicot01.png\" target=\"_blank\" rel=\"noopener noreferrer\"><img loading=\"lazy\" class=\"alignnone wp-image-2072\" src=\"http:\/\/sounds-eightree.com\/db\/wp-content\/uploads\/2019\/09\/yagicot01-236x300.png\" alt=\"\" width=\"158\" height=\"200\" \/><\/a><a href=\"http:\/\/sounds-eightree.com\/db\/wp-content\/uploads\/2019\/09\/yagicot02.png\" target=\"_blank\" rel=\"noopener noreferrer\"><img loading=\"lazy\" class=\"alignnone wp-image-2071\" src=\"http:\/\/sounds-eightree.com\/db\/wp-content\/uploads\/2019\/09\/yagicot02-236x300.png\" alt=\"\" width=\"158\" height=\"200\" \/><\/a><a href=\"http:\/\/sounds-eightree.com\/db\/wp-content\/uploads\/2019\/09\/yagicot03-1.png\" target=\"_blank\" rel=\"noopener noreferrer\"><img loading=\"lazy\" class=\"alignnone wp-image-2190\" src=\"http:\/\/sounds-eightree.com\/db\/wp-content\/uploads\/2019\/09\/yagicot03-1-236x300.png\" alt=\"\" width=\"158\" height=\"200\" \/><\/a><a href=\"http:\/\/sounds-eightree.com\/db\/wp-content\/uploads\/2019\/09\/yagicot04.png\" target=\"_blank\" rel=\"noopener noreferrer\"><img loading=\"lazy\" class=\"alignnone wp-image-2069\" src=\"http:\/\/sounds-eightree.com\/db\/wp-content\/uploads\/2019\/09\/yagicot04-300x233.png\" alt=\"\" width=\"200\" height=\"156\" \/><\/a><\/span><\/p>\n<\/div>\n<\/div>\n<div align=\"left\">\n<p style=\"text-align: center;\"><span style=\"font-size: 20px;\">[<a href=\"http:\/\/www.wind-art.com\/HP\/HTML\/windart_encd.html\" target=\"_blank\" rel=\"noopener noreferrer\">CD &#8220;Satoshi Yagisawa Works Collection&#8221;<\/a>]<br \/>\n[<a href=\"https:\/\/sounds-eightree.com\/db\/?page_id=2489\">CONCERT BAND WORKS<\/a>]\u00a0 [<a href=\"https:\/\/sounds-eightree.com\/db\/?page_id=2510\">ENSEMBLE WORKS<\/a>]<br \/>\n<\/span><\/p>\n<\/div>\n<\/td>\n<\/tr>\n<\/tbody>\n<\/table>\n","protected":false},"excerpt":{"rendered":"Compositeur \/ Satoshi Yagisawa \u3000\u3000\u3000 Biographie Satoshi Yagisawa Satoshi YAGISAWA est n\u00e9 en 1975 au Japon et est [&hellip;]","protected":false},"author":1,"featured_media":0,"parent":0,"menu_order":0,"comment_status":"closed","ping_status":"closed","template":"","meta":[],"_links":{"self":[{"href":"https:\/\/sounds-eightree.com\/index.php?rest_route=\/wp\/v2\/pages\/2091"}],"collection":[{"href":"https:\/\/sounds-eightree.com\/index.php?rest_route=\/wp\/v2\/pages"}],"about":[{"href":"https:\/\/sounds-eightree.com\/index.php?rest_route=\/wp\/v2\/types\/page"}],"author":[{"embeddable":true,"href":"https:\/\/sounds-eightree.com\/index.php?rest_route=\/wp\/v2\/users\/1"}],"replies":[{"embeddable":true,"href":"https:\/\/sounds-eightree.com\/index.php?rest_route=%2Fwp%2Fv2%2Fcomments&post=2091"}],"version-history":[{"count":9,"href":"https:\/\/sounds-eightree.com\/index.php?rest_route=\/wp\/v2\/pages\/2091\/revisions"}],"predecessor-version":[{"id":3343,"href":"https:\/\/sounds-eightree.com\/index.php?rest_route=\/wp\/v2\/pages\/2091\/revisions\/3343"}],"wp:attachment":[{"href":"https:\/\/sounds-eightree.com\/index.php?rest_route=%2Fwp%2Fv2%2Fmedia&parent=2091"}],"curies":[{"name":"wp","href":"https:\/\/api.w.org\/{rel}","templated":true}]}}