{"id":2274,"date":"2019-09-10T00:52:23","date_gmt":"2019-09-09T15:52:23","guid":{"rendered":"http:\/\/sounds-eightree.com\/db\/?page_id=2274"},"modified":"2019-11-28T01:55:08","modified_gmt":"2019-11-27T16:55:08","slug":"german","status":"publish","type":"page","link":"https:\/\/sounds-eightree.com\/?page_id=2274","title":{"rendered":"German"},"content":{"rendered":"<table style=\"height: 971px; width: 100%;\" border=\"0\" width=\"100%\">\n<tbody>\n<tr style=\"height: 52px;\">\n<td style=\"background-color: #520000; width: 95%; height: 52px;\" bgcolor=\"#660000\" width=\"95%\">\n<div align=\"center\"><span style=\"color: #ffffff; font-size: 24px;\">Komponist \/ Satoshi Yagisawa<\/span><\/div>\n<\/td>\n<\/tr>\n<tr style=\"height: 52px;\">\n<td style=\"background-color: #000000; height: 52px;\">\n<div align=\"center\"><span style=\"color: #333333;\"><a href=\"http:\/\/catalog.bravomusicinc.com\/\" target=\"_blank\" rel=\"noopener noreferrer\"><img loading=\"lazy\" class=\"alignnone wp-image-3320 size-full\" src=\"https:\/\/sounds-eightree.com\/db\/wp-content\/uploads\/2019\/11\/bravomusic.jpg\" alt=\"\" width=\"160\" height=\"42\" \/><\/a>\u3000<a href=\"http:\/\/www.brain-music.com\/en\/\" target=\"_blank\" rel=\"noopener noreferrer\"><img loading=\"lazy\" class=\"alignnone wp-image-3321 size-full\" src=\"https:\/\/sounds-eightree.com\/db\/wp-content\/uploads\/2019\/11\/brain.jpg\" alt=\"\" width=\"160\" height=\"42\" \/><\/a>\u3000<a href=\"http:\/\/www.wind-art.com\/\" target=\"_blank\" rel=\"noopener noreferrer\"><img loading=\"lazy\" class=\"alignnone wp-image-3322 size-full\" src=\"https:\/\/sounds-eightree.com\/db\/wp-content\/uploads\/2019\/11\/windart.jpg\" alt=\"\" width=\"160\" height=\"42\" \/><\/a>\u3000<a href=\"http:\/\/www.dehaske.com\/\" target=\"_blank\" rel=\"noopener noreferrer\"><img loading=\"lazy\" class=\"alignnone wp-image-3323 size-full\" src=\"https:\/\/sounds-eightree.com\/db\/wp-content\/uploads\/2019\/11\/dehaske.jpg\" alt=\"\" width=\"160\" height=\"42\" \/><\/a><\/span><\/div>\n<\/td>\n<\/tr>\n<tr style=\"height: 867px;\">\n<td style=\"height: 867px;\" align=\"left\">\n<div align=\"left\">\n<div align=\"left\">\n<table width=\"95%\" align=\"center\">\n<tbody>\n<tr>\n<td align=\"center\" bgcolor=\"#FFFFFF\">\n<div align=\"center\"><span style=\"font-size: 24px;\">Biografie<\/span><\/div>\n<\/td>\n<\/tr>\n<tr>\n<td align=\"left\"><span style=\"font-size: 24px;\"><strong>Satoshi Yagisawa<\/strong><\/span><br \/>\n<a href=\"http:\/\/sounds-eightree.com\/db\/wp-content\/uploads\/2019\/08\/2018_00004.jpg\" target=\"_blank\" rel=\"noopener noreferrer\"><img loading=\"lazy\" class=\"alignleft wp-image-2050 size-medium\" src=\"http:\/\/sounds-eightree.com\/db\/wp-content\/uploads\/2019\/08\/2018_00004-200x300.jpg\" alt=\"\" width=\"200\" height=\"300\" \/><\/a>Satoshi YAGISAWA wurde 1975 in Japan geboren und absolvierte die renommierte Musashino Academia Musicae mit einem Abschluss in Komposition. Sp\u00e4ter setzte er dort sein Studium fort und schloss es zwei Jahre sp\u00e4ter mit einem Master in Komposition ab.Seine Werke f\u00fcr Blasorchester sind in Japan und in vielen L\u00e4ndern beliebt und werden von Hal Leonard Europe (de Haske) und japanischen Verlagen herausgegeben. Sie wurden vielfach bei der World Association for Symphonic Bands und Ensembles Conferences (WASBE) und der Midwest Band &amp; Orchestra Clinic in Chicago aufgef\u00fchrt.In Japan wurde er vom National Sports Festival beauftragt, die Er\u00f6ffnungsmusik zu komponieren. Yagisawa ist nicht nur in Japan, sondern weltweit als Juror, Gastdirigent, Kliniker und Autor von Musikzeitschriften sehr gefragt. Derzeit unterrichtet er am SHOBI Music College in Tokio.Er ist einer der produktivsten Komponisten in Japan und wurde mit dem 21. Preis der Japanischen Akademischen Gesellschaft f\u00fcr Bl\u00e4ser, Schlagzeug und Blechbl\u00e4ser (2011) und dem Shitaya Encouragement Award (2011) der Japanese Band Directors Association ausgezeichnet.Zu seinen Hauptwerken geh\u00f6ren A Poem for Wind Orchestra &#8211; Hymn to the Infinite Sky; Perseus \u2013 A Hero\u2019s Quest in the Heavens; Machu Picchu: City in the Sky \u2013 The mystery of the hidden Sun Temple; To Be Vivid Stars; and Let&#8217;s have Hope for a Better Tomorrow (ein symbolisches Lied f\u00fcr den Wiederaufbau nach dem gro\u00dfen Erdbeben in Ostjapan).<\/td>\n<\/tr>\n<\/tbody>\n<\/table>\n<\/div>\n<\/div>\n<div align=\"left\">\n<div align=\"left\">\n<p style=\"text-align: center;\"><span style=\"color: #333333;\"><a href=\"http:\/\/sounds-eightree.com\/db\/wp-content\/uploads\/2019\/09\/yagicot01.png\" target=\"_blank\" rel=\"noopener noreferrer\"><img loading=\"lazy\" class=\"alignnone wp-image-2072\" src=\"http:\/\/sounds-eightree.com\/db\/wp-content\/uploads\/2019\/09\/yagicot01-236x300.png\" alt=\"\" width=\"158\" height=\"200\" \/><\/a><a href=\"http:\/\/sounds-eightree.com\/db\/wp-content\/uploads\/2019\/09\/yagicot02.png\" target=\"_blank\" rel=\"noopener noreferrer\"><img loading=\"lazy\" class=\"alignnone wp-image-2071\" src=\"http:\/\/sounds-eightree.com\/db\/wp-content\/uploads\/2019\/09\/yagicot02-236x300.png\" alt=\"\" width=\"158\" height=\"200\" \/><\/a><a href=\"http:\/\/sounds-eightree.com\/db\/wp-content\/uploads\/2019\/09\/yagicot03-1.png\" target=\"_blank\" rel=\"noopener noreferrer\"><img loading=\"lazy\" class=\"alignnone wp-image-2190\" src=\"http:\/\/sounds-eightree.com\/db\/wp-content\/uploads\/2019\/09\/yagicot03-1-236x300.png\" alt=\"\" width=\"158\" height=\"200\" \/><\/a><a href=\"http:\/\/sounds-eightree.com\/db\/wp-content\/uploads\/2019\/09\/yagicot04.png\" target=\"_blank\" rel=\"noopener noreferrer\"><img loading=\"lazy\" class=\"alignnone wp-image-2069\" src=\"http:\/\/sounds-eightree.com\/db\/wp-content\/uploads\/2019\/09\/yagicot04-300x233.png\" alt=\"\" width=\"200\" height=\"156\" \/><\/a><\/span><\/p>\n<\/div>\n<\/div>\n<div align=\"left\">\n<p style=\"text-align: center;\"><span style=\"font-size: 20px;\">[<a href=\"http:\/\/www.wind-art.com\/HP\/HTML\/windart_encd.html\" target=\"_blank\" rel=\"noopener noreferrer\">CD &#8220;Satoshi Yagisawa Works Collection&#8221;<\/a>]<br \/>\n[<a href=\"https:\/\/sounds-eightree.com\/db\/?page_id=2489\">CONCERT BAND WORKS<\/a>]\u00a0 [<a href=\"https:\/\/sounds-eightree.com\/db\/?page_id=2510\">ENSEMBLE WORKS<\/a>]<br \/>\n<\/span><\/p>\n<\/div>\n<\/td>\n<\/tr>\n<\/tbody>\n<\/table>\n","protected":false},"excerpt":{"rendered":"Komponist \/ Satoshi Yagisawa \u3000\u3000\u3000 Biografie Satoshi Yagisawa Satoshi YAGISAWA wurde 1975 in Japan geboren und a [&hellip;]","protected":false},"author":1,"featured_media":0,"parent":0,"menu_order":0,"comment_status":"closed","ping_status":"closed","template":"","meta":[],"_links":{"self":[{"href":"https:\/\/sounds-eightree.com\/index.php?rest_route=\/wp\/v2\/pages\/2274"}],"collection":[{"href":"https:\/\/sounds-eightree.com\/index.php?rest_route=\/wp\/v2\/pages"}],"about":[{"href":"https:\/\/sounds-eightree.com\/index.php?rest_route=\/wp\/v2\/types\/page"}],"author":[{"embeddable":true,"href":"https:\/\/sounds-eightree.com\/index.php?rest_route=\/wp\/v2\/users\/1"}],"replies":[{"embeddable":true,"href":"https:\/\/sounds-eightree.com\/index.php?rest_route=%2Fwp%2Fv2%2Fcomments&post=2274"}],"version-history":[{"count":5,"href":"https:\/\/sounds-eightree.com\/index.php?rest_route=\/wp\/v2\/pages\/2274\/revisions"}],"predecessor-version":[{"id":3344,"href":"https:\/\/sounds-eightree.com\/index.php?rest_route=\/wp\/v2\/pages\/2274\/revisions\/3344"}],"wp:attachment":[{"href":"https:\/\/sounds-eightree.com\/index.php?rest_route=%2Fwp%2Fv2%2Fmedia&parent=2274"}],"curies":[{"name":"wp","href":"https:\/\/api.w.org\/{rel}","templated":true}]}}