{"id":2276,"date":"2019-09-10T00:53:49","date_gmt":"2019-09-09T15:53:49","guid":{"rendered":"http:\/\/sounds-eightree.com\/db\/?page_id=2276"},"modified":"2019-11-28T01:55:19","modified_gmt":"2019-11-27T16:55:19","slug":"spanish","status":"publish","type":"page","link":"https:\/\/sounds-eightree.com\/?page_id=2276","title":{"rendered":"Spanish"},"content":{"rendered":"<table style=\"height: 971px; width: 100%;\" border=\"0\" width=\"100%\">\n<tbody>\n<tr style=\"height: 52px;\">\n<td style=\"background-color: #520000; width: 95%; height: 52px;\" bgcolor=\"#660000\" width=\"95%\">\n<div align=\"center\"><span style=\"color: #ffffff; font-size: 24px;\">Compositor \/ Satoshi Yagisawa<\/span><\/div>\n<\/td>\n<\/tr>\n<tr style=\"height: 52px;\">\n<td style=\"background-color: #000000; height: 52px;\">\n<div align=\"center\"><span style=\"color: #333333;\"><a href=\"http:\/\/catalog.bravomusicinc.com\/\" target=\"_blank\" rel=\"noopener noreferrer\"><img loading=\"lazy\" class=\"alignnone wp-image-3320 size-full\" src=\"https:\/\/sounds-eightree.com\/db\/wp-content\/uploads\/2019\/11\/bravomusic.jpg\" alt=\"\" width=\"160\" height=\"42\" \/><\/a>\u3000<a href=\"http:\/\/www.brain-music.com\/en\/\" target=\"_blank\" rel=\"noopener noreferrer\"><img loading=\"lazy\" class=\"alignnone wp-image-3321 size-full\" src=\"https:\/\/sounds-eightree.com\/db\/wp-content\/uploads\/2019\/11\/brain.jpg\" alt=\"\" width=\"160\" height=\"42\" \/><\/a>\u3000<a href=\"http:\/\/www.wind-art.com\/\" target=\"_blank\" rel=\"noopener noreferrer\"><img loading=\"lazy\" class=\"alignnone wp-image-3322 size-full\" src=\"https:\/\/sounds-eightree.com\/db\/wp-content\/uploads\/2019\/11\/windart.jpg\" alt=\"\" width=\"160\" height=\"42\" \/><\/a>\u3000<a href=\"http:\/\/www.dehaske.com\/\" target=\"_blank\" rel=\"noopener noreferrer\"><img loading=\"lazy\" class=\"alignnone wp-image-3323 size-full\" src=\"https:\/\/sounds-eightree.com\/db\/wp-content\/uploads\/2019\/11\/dehaske.jpg\" alt=\"\" width=\"160\" height=\"42\" \/><\/a><\/span><\/div>\n<\/td>\n<\/tr>\n<tr style=\"height: 867px;\">\n<td style=\"height: 867px;\" align=\"left\">\n<div align=\"left\">\n<div align=\"left\">\n<table width=\"95%\" align=\"center\">\n<tbody>\n<tr>\n<td align=\"center\" bgcolor=\"#FFFFFF\">\n<div align=\"center\"><span style=\"font-size: 24px;\">Biograf\u00eda<\/span><\/div>\n<\/td>\n<\/tr>\n<tr>\n<td align=\"left\"><span style=\"font-size: 24px;\"><strong>Satoshi Yagisawa<\/strong><\/span><br \/>\n<a href=\"http:\/\/sounds-eightree.com\/db\/wp-content\/uploads\/2019\/08\/2018_00004.jpg\" target=\"_blank\" rel=\"noopener noreferrer\"><img loading=\"lazy\" class=\"alignleft wp-image-2050 size-medium\" src=\"http:\/\/sounds-eightree.com\/db\/wp-content\/uploads\/2019\/08\/2018_00004-200x300.jpg\" alt=\"\" width=\"200\" height=\"300\" \/><\/a>SSatoshi YAGISAWA naci\u00f3 en 1975 en Jap\u00f3n y se gradu\u00f3 de la prestigiosa Musashino Academia Musicae con un t\u00edtulo en composici\u00f3n. M\u00e1s tarde continu\u00f3 sus estudios all\u00ed gradu\u00e1ndose con una maestr\u00eda en composici\u00f3n dos a\u00f1os despu\u00e9s.Sus obras para la orquesta de viento son populares en Jap\u00f3n y en muchos pa\u00edses y son publicadas por Hal Leonard Europe (de Haske) y editoriales japonesas. Se han presentado ampliamente en la Asociaci\u00f3n Mundial de Conferencias Sinf\u00f3nicas de Bandas y Conjuntos (WASBE) y en la Cl\u00ednica Midwest Band &amp; Orchestra en Chicago.En Jap\u00f3n, el National Sports Festival le encarg\u00f3 componer la m\u00fasica ceremonial de apertura. Yagisawa tiene una gran demanda no solo en Jap\u00f3n sino en todo el mundo como juez, director invitado, cl\u00ednico y escritor de revistas de m\u00fasica. Actualmente, es profesor en SHOBI Music College en Tokio.Es uno de los compositores m\u00e1s prol\u00edficos de Jap\u00f3n en la actualidad y recibi\u00f3 el XXI Premio de la Sociedad Acad\u00e9mica de Vientos, Percusi\u00f3n y Metales de Jap\u00f3n (2011) y el Premio Shitaya Encouragement Association de la Asociaci\u00f3n Japonesa de Directores de Banda (2011).Sus obras principales incluyen A Poem for Wind Orchestra &#8211; Hymn to the Infinite Sky; Perseus \u2013 A Hero\u2019s Quest in the Heavens; Machu Picchu: City in the Sky \u2013 The mystery of the hidden Sun Temple; To Be Vivid Stars; and Let&#8217;s have Hope for a Better Tomorrow (una canci\u00f3n simb\u00f3lica para la reconstrucci\u00f3n del Gran Terremoto del Este de Jap\u00f3n).<\/td>\n<\/tr>\n<\/tbody>\n<\/table>\n<\/div>\n<\/div>\n<div align=\"left\">\n<div align=\"left\">\n<p style=\"text-align: center;\"><span style=\"color: #333333;\"><a href=\"http:\/\/sounds-eightree.com\/db\/wp-content\/uploads\/2019\/09\/yagicot01.png\" target=\"_blank\" rel=\"noopener noreferrer\"><img loading=\"lazy\" class=\"alignnone wp-image-2072\" src=\"http:\/\/sounds-eightree.com\/db\/wp-content\/uploads\/2019\/09\/yagicot01-236x300.png\" alt=\"\" width=\"158\" height=\"200\" \/><\/a><a href=\"http:\/\/sounds-eightree.com\/db\/wp-content\/uploads\/2019\/09\/yagicot02.png\" target=\"_blank\" rel=\"noopener noreferrer\"><img loading=\"lazy\" class=\"alignnone wp-image-2071\" src=\"http:\/\/sounds-eightree.com\/db\/wp-content\/uploads\/2019\/09\/yagicot02-236x300.png\" alt=\"\" width=\"158\" height=\"200\" \/><\/a><a href=\"http:\/\/sounds-eightree.com\/db\/wp-content\/uploads\/2019\/09\/yagicot03-1.png\" target=\"_blank\" rel=\"noopener noreferrer\"><img loading=\"lazy\" class=\"alignnone wp-image-2190\" src=\"http:\/\/sounds-eightree.com\/db\/wp-content\/uploads\/2019\/09\/yagicot03-1-236x300.png\" alt=\"\" width=\"158\" height=\"200\" \/><\/a><a href=\"http:\/\/sounds-eightree.com\/db\/wp-content\/uploads\/2019\/09\/yagicot04.png\" target=\"_blank\" rel=\"noopener noreferrer\"><img loading=\"lazy\" class=\"alignnone wp-image-2069\" src=\"http:\/\/sounds-eightree.com\/db\/wp-content\/uploads\/2019\/09\/yagicot04-300x233.png\" alt=\"\" width=\"200\" height=\"156\" \/><\/a><\/span><\/p>\n<\/div>\n<\/div>\n<div align=\"left\">\n<p style=\"text-align: center;\"><span style=\"font-size: 20px;\">[<a href=\"http:\/\/www.wind-art.com\/HP\/HTML\/windart_encd.html\" target=\"_blank\" rel=\"noopener noreferrer\">CD &#8220;Satoshi Yagisawa Works Collection&#8221;<\/a>]<br \/>\n[<a href=\"https:\/\/sounds-eightree.com\/db\/?page_id=2489\">CONCERT BAND WORKS<\/a>]\u00a0 [<a href=\"https:\/\/sounds-eightree.com\/db\/?page_id=2510\">ENSEMBLE WORKS<\/a>]<br \/>\n<\/span><\/p>\n<\/div>\n<\/td>\n<\/tr>\n<\/tbody>\n<\/table>\n","protected":false},"excerpt":{"rendered":"Compositor \/ Satoshi Yagisawa \u3000\u3000\u3000 Biograf\u00eda Satoshi Yagisawa SSatoshi YAGISAWA naci\u00f3 en 1975 en Jap\u00f3n y se gra [&hellip;]","protected":false},"author":1,"featured_media":0,"parent":0,"menu_order":0,"comment_status":"closed","ping_status":"closed","template":"","meta":[],"_links":{"self":[{"href":"https:\/\/sounds-eightree.com\/index.php?rest_route=\/wp\/v2\/pages\/2276"}],"collection":[{"href":"https:\/\/sounds-eightree.com\/index.php?rest_route=\/wp\/v2\/pages"}],"about":[{"href":"https:\/\/sounds-eightree.com\/index.php?rest_route=\/wp\/v2\/types\/page"}],"author":[{"embeddable":true,"href":"https:\/\/sounds-eightree.com\/index.php?rest_route=\/wp\/v2\/users\/1"}],"replies":[{"embeddable":true,"href":"https:\/\/sounds-eightree.com\/index.php?rest_route=%2Fwp%2Fv2%2Fcomments&post=2276"}],"version-history":[{"count":5,"href":"https:\/\/sounds-eightree.com\/index.php?rest_route=\/wp\/v2\/pages\/2276\/revisions"}],"predecessor-version":[{"id":3346,"href":"https:\/\/sounds-eightree.com\/index.php?rest_route=\/wp\/v2\/pages\/2276\/revisions\/3346"}],"wp:attachment":[{"href":"https:\/\/sounds-eightree.com\/index.php?rest_route=%2Fwp%2Fv2%2Fmedia&parent=2276"}],"curies":[{"name":"wp","href":"https:\/\/api.w.org\/{rel}","templated":true}]}}